{"id":1446,"date":"2024-03-18T14:39:50","date_gmt":"2024-03-18T13:39:50","guid":{"rendered":"https:\/\/www.ctarraconense.cat\/avis-legal\/"},"modified":"2024-03-18T15:20:49","modified_gmt":"2024-03-18T14:20:49","slug":"avis-legal","status":"publish","type":"page","link":"https:\/\/www.seminaricasacultura.cat\/es\/terminos-legales\/avis-legal\/","title":{"rendered":"Aviso legal"},"content":{"rendered":"<p>[et_pb_section fb_built=\u00bb1&#8243; _builder_version=\u00bb4.24.0&#8243; _module_preset=\u00bbdefault\u00bb global_colors_info=\u00bb{}\u00bb][et_pb_row _builder_version=\u00bb4.24.0&#8243; _module_preset=\u00bbdefault\u00bb global_colors_info=\u00bb{}\u00bb][et_pb_column type=\u00bb4_4&#8243; _builder_version=\u00bb4.24.0&#8243; _module_preset=\u00bbdefault\u00bb global_colors_info=\u00bb{}\u00bb][et_pb_text _builder_version=\u00bb4.24.0&#8243; _module_preset=\u00bbdefault\u00bb global_colors_info=\u00bb{}\u00bb]<\/p>\n<p><strong>Reservados todos los derechos.<br \/><\/strong>Esta Web ha sido creada por el ARZOBISPADO DE TARRAGONA-Centre Tarraconese El Seminari, con car\u00e1cter informativo y para su utilizaci\u00f3n gratuita y personal por el usuario de la misma. El acceso a esta Web implica el conocimiento y aceptaci\u00f3n de los siguientes t\u00e9rminos:<\/p>\n<p><strong>Datos de titularidad de los sitios web<br \/><\/strong>Los nombres de dominio www.seminaricasacultura.cat son titularidad del ARZOBISPADO DE TARRAGONA C.I.F R-4300001-G, con domicilio en Pla de Palau 2, 43003, Tarragona con email arquebisbat@arqtgn.cat<\/p>\n<p><strong>Limitaciones de Uso<br \/><\/strong>Los usuarios que accedan a esta Web est\u00e1n autorizados para visualizar toda la informaci\u00f3n y contenidos de la misma, as\u00ed como para efectuar \u00abdownload\u00bb o reproducciones privadas de la misma en sus terminales, siempre y cuando los elementos reproducidos sean destinados EXCLUSIVAMENTE PARA USO PERSONAL DEL USUARIO Y PARA USOS CON FINES EDUCATIVOS, y no sean posteriormente cedidos o transmitidos a terceros, ni se instalen en cualquier servidor de forma que sea posible el acceso de terceros a la citada informaci\u00f3n a trav\u00e9s de medios distintos de la propia Web de la Fundaci\u00f3n (por ejemplo, redes P2P).<\/p>\n<p>Se entiende por uso con fines educativos la utilizaci\u00f3n no comercial de las im\u00e1genes para presentaciones, conferencias, trabajos escolares o universitarios, y publicaciones acad\u00e9micas o de investigaci\u00f3n con una tirada inferior a 1.000 ejemplares y sin \u00e1nimo de lucro.<\/p>\n<p><strong>Propiedad Intelectual, Industrial y derechos an\u00e1logos<br \/><\/strong>Todos los contenidos y elementos a los que puedan acceder los usuarios a trav\u00e9s de esta Web, ya sean textos, dise\u00f1os gr\u00e1ficos, composiciones sonoras, visuales o audiovisuales o aplicaciones inform\u00e1ticas expresadas en cualquier c\u00f3digo o lenguaje (HTML, JAVA, JAVA SCRIPT, ACTIVE X, etc.) est\u00e1n sujetos a derechos de propiedad intelectual, industrial o de los terceros que en cada caso se indican en la secci\u00f3n de Copyrights de la web. L&#8217;ARQUEBISBAT DE TARRAGONA \/ Centre Tarraconense El Seminari no se hace responsable del uso por terceros de estas im\u00e1genes.<\/p>\n<p>El acceso a dichos contenidos o elementos a trav\u00e9s de la Web no otorga a los usuarios ning\u00fan derecho sobre los mismos, quienes no podr\u00e1n alterarlos, modificarlos, explotarlos, reproducirlos, distribuirlos, ni comunicarlos p\u00fablicamente ni podr\u00e1n ejercitar ning\u00fan otro derecho que corresponda al titular del derecho afectado. Los usuarios que accedan a la Web se obligan en especial a no realizar una explotaci\u00f3n comercial, directa o indirecta, de los contenidos y elementos de la Web.<\/p>\n<p>Para usos comerciales el usuario deber\u00e1 solicitar autorizaci\u00f3n a l&#8217;ARQUEBISBAT DE TARRAGONA-Centre Tarraconense El Seminari. Cualquier infracci\u00f3n de las Limitaciones de Uso o de los Derechos de Propiedad Intelectual, Industrial o derechos an\u00e1logos, o de la legalidad vigente podr\u00e1 ser perseguida por el ARZOBISPADO DE TARRAGONA-Centre Tarraconense El Seminari mediante el ejercicio de las acciones legales que en cada caso correspondan.<\/p>\n<p><strong>Responsabilidad<br \/><\/strong>L&#8217; ARQUEBISBAT DE TARRAGONA-Centre Tarraconense El Seminari \u00fanicamente ser\u00e1 responsable de la informaci\u00f3n contenida en esta Web que haya sido creada por ella.<\/p>\n<p>L&#8217;ARQUEBISBAT DE TARRAGONA-Centre Tarraconense El Seminari no asume ninguna responsabilidad por informaciones de cualquier tipo que pudieran haber incluido en otras webs no gestionadas directamente por el Museo Diocesano de Tarragona, a las que esta Web pueda remitir por medio de enlaces hipertextuales o \u00ablinks\u00bb. La finalidad de los \u00ablinks\u00bb que aparecen en esta Web es exclusivamente informativa, no suponiendo, en ning\u00fan caso, una sugerencia o invitaci\u00f3n al usuario a visitar las webs de destino. En consecuencia, l&#8217;ARQUEBISBAT DE TARRAGONA-Centre Tarraconense El Seminari no ser\u00e0, no ser\u00e1, en ning\u00fan caso, responsable del resultado que pueda o pretenda obtener el usuario de las webs a las que acceda a trav\u00e9s de los citados \u00ablinks\u00bb.<\/p>\n<p>L&#8217;ARQUEBISBAT DE TARRAGONA-Centre Tarraconense El Seminari no responder\u00e1 de los da\u00f1os y perjuicios que pudiera ocasionar la existencia de virus u otros elementos que pudieran causar da\u00f1os en los sistemas inform\u00e1ticos en los documentos electr\u00f3nicos o en los ficheros de usuario de este sitio web o de sitios web de terceros. Asimismo, l&#8217; l&#8217;ARQUEBISBAT DE TARRAGONA-Centre Tarraconense El Seminari no responder\u00e1 tampoco de cualquier interrupci\u00f3n, error o fallo que se produzca en el sistema como consecuencia de un mal funcionamiento de la red o de los servidores conectados a la misma.<\/p>\n<p><strong>Servicios concretos<br \/><\/strong>L&#8217;ARQUEBISBAT DE TARRAGONA-Centre Tarraconense El Seminari ofereix,ofrece, en su Web determinados servicios a los usuarios que se prestar\u00e1n sometidos a los t\u00e9rminos y condiciones que en cada caso se indiquen en la Web. Los usuarios deber\u00e1n leer con atenci\u00f3n las condiciones que se apliquen a cada de esos servicios, lo que en ning\u00fan caso eximir\u00e1, salvo manifestaci\u00f3n expresa en contrario, del cumplimiento de lo expresado en las presentes Advertencias Legales.<\/p>\n<p><strong>Modificaciones<br \/><\/strong>El contenido de esta Web y de las presentes advertencias podr\u00e1 ser modificado o actualizado por l&#8217;ARQUEBISBAT DE TARRAGONA-Centre Tarraconense El Seminari en cualquier momento y sin necesidad de previo aviso.<\/p>\n<p><strong>Legislaci\u00f3n y Jurisdicci\u00f3n<br \/><\/strong>Estas Condiciones Generales se rigen por la ley espa\u00f1ola. Las partes se someten, a su elecci\u00f3n, para la resoluci\u00f3n de los conflictos y con renuncia a cualquier otro fuero, a los juzgados y tribunales del domicilio del usuario.<\/p>\n<p><strong>Cookies<br \/><\/strong>Este sitio web utiliza cookies Consulte aqu\u00ed la pol\u00edtica de cookies.<\/p>\n<p>[\/et_pb_text][\/et_pb_column][\/et_pb_row][\/et_pb_section]<\/p>\n","protected":false},"excerpt":{"rendered":"<p>Reservados todos los derechos.Esta Web ha sido creada por el ARZOBISPADO DE TARRAGONA-Centre Tarraconese El Seminari, con car\u00e1cter informativo y para su utilizaci\u00f3n gratuita y personal por el usuario de la misma. El acceso a esta Web implica el conocimiento y aceptaci\u00f3n de los siguientes t\u00e9rminos: Datos de titularidad de los sitios webLos nombres de [&hellip;]<\/p>\n","protected":false},"author":59,"featured_media":0,"parent":1523,"menu_order":0,"comment_status":"closed","ping_status":"closed","template":"","meta":{"_et_pb_use_builder":"on","_et_pb_old_content":"","_et_gb_content_width":"","footnotes":""},"class_list":["post-1446","page","type-page","status-publish","hentry"],"amp_enabled":true,"_links":{"self":[{"href":"https:\/\/www.seminaricasacultura.cat\/es\/wp-json\/wp\/v2\/pages\/1446","targetHints":{"allow":["GET"]}}],"collection":[{"href":"https:\/\/www.seminaricasacultura.cat\/es\/wp-json\/wp\/v2\/pages"}],"about":[{"href":"https:\/\/www.seminaricasacultura.cat\/es\/wp-json\/wp\/v2\/types\/page"}],"author":[{"embeddable":true,"href":"https:\/\/www.seminaricasacultura.cat\/es\/wp-json\/wp\/v2\/users\/59"}],"replies":[{"embeddable":true,"href":"https:\/\/www.seminaricasacultura.cat\/es\/wp-json\/wp\/v2\/comments?post=1446"}],"version-history":[{"count":14,"href":"https:\/\/www.seminaricasacultura.cat\/es\/wp-json\/wp\/v2\/pages\/1446\/revisions"}],"predecessor-version":[{"id":1467,"href":"https:\/\/www.seminaricasacultura.cat\/es\/wp-json\/wp\/v2\/pages\/1446\/revisions\/1467"}],"up":[{"embeddable":true,"href":"https:\/\/www.seminaricasacultura.cat\/es\/wp-json\/wp\/v2\/pages\/1523"}],"wp:attachment":[{"href":"https:\/\/www.seminaricasacultura.cat\/es\/wp-json\/wp\/v2\/media?parent=1446"}],"curies":[{"name":"wp","href":"https:\/\/api.w.org\/{rel}","templated":true}]}}