{"id":1161,"date":"2023-04-07T22:24:32","date_gmt":"2023-04-07T20:24:32","guid":{"rendered":"https:\/\/www.ctarraconense.cat\/pastoral\/"},"modified":"2025-06-25T15:30:18","modified_gmt":"2025-06-25T13:30:18","slug":"pastoral","status":"publish","type":"page","link":"https:\/\/www.seminaricasacultura.cat\/es\/pastoral\/","title":{"rendered":"Pastoral"},"content":{"rendered":"<p>[et_pb_section fb_built=\u00bb1&#8243; fullwidth=\u00bbon\u00bb disabled_on=\u00bboff|off|off\u00bb _builder_version=\u00bb4.20.0&#8243; _module_preset=\u00bbdefault\u00bb global_colors_info=\u00bb{}\u00bb][et_pb_fullwidth_header title=\u00bbPastoral\u00bb _builder_version=\u00bb4.20.0&#8243; _module_preset=\u00bbdefault\u00bb title_font=\u00bb|||on|||||\u00bb title_text_align=\u00bbleft\u00bb title_text_color=\u00bb#aaa690&#8243; title_font_size=\u00bb46px\u00bb background_enable_color=\u00bboff\u00bb custom_padding=\u00bb||3px|||\u00bb animation_style=\u00bbzoom\u00bb global_colors_info=\u00bb{}\u00bb][\/et_pb_fullwidth_header][et_pb_fullwidth_image src=\u00bbhttps:\/\/www.seminaricasacultura.cat\/wp-content\/uploads\/sites\/118\/2023\/04\/18-eportada-pastoral.jpg\u00bb title_text=\u00bb18-eportada pastoral\u00bb disabled_on=\u00bboff|off|off\u00bb _builder_version=\u00bb4.20.0&#8243; _module_preset=\u00bbdefault\u00bb global_colors_info=\u00bb{}\u00bb][\/et_pb_fullwidth_image][\/et_pb_section][et_pb_section fb_built=\u00bb1&#8243; _builder_version=\u00bb4.20.0&#8243; _module_preset=\u00bbdefault\u00bb global_colors_info=\u00bb{}\u00bb][et_pb_row _builder_version=\u00bb4.20.0&#8243; _module_preset=\u00bbdefault\u00bb global_colors_info=\u00bb{}\u00bb][et_pb_column type=\u00bb4_4&#8243; _builder_version=\u00bb4.20.0&#8243; _module_preset=\u00bbdefault\u00bb global_colors_info=\u00bb{}\u00bb][et_pb_divider show_divider=\u00bboff\u00bb _builder_version=\u00bb4.20.0&#8243; _module_preset=\u00bbdefault\u00bb global_colors_info=\u00bb{}\u00bb][\/et_pb_divider][\/et_pb_column][\/et_pb_row][et_pb_row admin_label=\u00bbExplicacion pastoral\u00bb _builder_version=\u00bb4.20.0&#8243; _module_preset=\u00bbdefault\u00bb background_color=\u00bbrgba(0,0,0,0.05)\u00bb custom_padding=\u00bb9px||9px||false|false\u00bb border_radii=\u00bbon|7px|7px|7px|7px\u00bb global_colors_info=\u00bb{}\u00bb][et_pb_column type=\u00bb4_4&#8243; _builder_version=\u00bb4.20.0&#8243; _module_preset=\u00bbdefault\u00bb global_colors_info=\u00bb{}\u00bb][et_pb_text _builder_version=\u00bb4.27.4&#8243; _module_preset=\u00bbdefault\u00bb custom_margin=\u00bb0px|||12px|false|false\u00bb global_colors_info=\u00bb{}\u00bb]<\/p>\n<p>El <strong>Seminario. Casa de Cultura<\/strong> es, tambi\u00e9n, un espacio de acogida para las diferentes tareas pastorales que se desarrollan en la archidi\u00f3cesis.<\/p>\n<p>Entre otras, se llevan a cabo las formaciones mensuales para presb\u00edteros, los cursos b\u00edblicos de verano, encuentros diocesanos de C\u00e1ritas, reuniones y jornadas de las diferentes delegaciones diocesanas, encuentros arciprestales, vigilias de oraci\u00f3n, celebraciones lit\u00fargicas, conciertos, cursos de formaci\u00f3n a trav\u00e9s del Instituto Superior de Ciencias Religiosas San Fructuoso y tambi\u00e9n las actividades propias de la Fundaci\u00f3n Santa Mar\u00eda de Siurana.<\/p>\n<p>[\/et_pb_text][et_pb_gallery gallery_ids=\u00bb964,967,970,973,976,979,982,985&#8243; posts_number=\u00bb8&#8243; show_title_and_caption=\u00bboff\u00bb show_pagination=\u00bboff\u00bb _builder_version=\u00bb4.20.0&#8243; _module_preset=\u00bbdefault\u00bb custom_margin=\u00bb|13px||10px|false|false\u00bb border_radii=\u00bbon|7px|7px|7px|7px\u00bb global_colors_info=\u00bb{}\u00bb][\/et_pb_gallery][\/et_pb_column][\/et_pb_row][et_pb_row _builder_version=\u00bb4.20.0&#8243; _module_preset=\u00bbdefault\u00bb global_colors_info=\u00bb{}\u00bb][et_pb_column type=\u00bb4_4&#8243; _builder_version=\u00bb4.20.0&#8243; _module_preset=\u00bbdefault\u00bb global_colors_info=\u00bb{}\u00bb][et_pb_divider show_divider=\u00bboff\u00bb _builder_version=\u00bb4.20.0&#8243; _module_preset=\u00bbdefault\u00bb global_colors_info=\u00bb{}\u00bb][\/et_pb_divider][\/et_pb_column][\/et_pb_row][et_pb_row column_structure=\u00bb1_3,1_3,1_3&#8243; admin_label=\u00bbcapella\u00bb _builder_version=\u00bb4.20.0&#8243; _module_preset=\u00bbdefault\u00bb background_color=\u00bb#FFFFFF\u00bb min_height=\u00bb299.8px\u00bb custom_margin=\u00bb|auto|2px|auto||\u00bb custom_padding=\u00bb14px||0px|||\u00bb animation_style=\u00bbzoom\u00bb border_radii=\u00bbon|7px|7px|7px|7px\u00bb global_colors_info=\u00bb{}\u00bb][et_pb_column type=\u00bb1_3&#8243; _builder_version=\u00bb4.20.0&#8243; _module_preset=\u00bbdefault\u00bb global_colors_info=\u00bb{}\u00bb][et_pb_image src=\u00bbhttps:\/\/www.seminaricasacultura.cat\/wp-content\/uploads\/sites\/118\/2023\/04\/13-capella.jpg\u00bb title_text=\u00bb13-capella\u00bb url=\u00bbhttps:\/\/www.seminaricasacultura.cat\/wp-content\/uploads\/sites\/118\/2023\/04\/13-capella.jpg\u00bb url_new_window=\u00bbon\u00bb _builder_version=\u00bb4.20.0&#8243; _module_preset=\u00bbdefault\u00bb custom_margin=\u00bb5px|||10px|false|false\u00bb border_radii=\u00bbon|7px|7px|7px|7px\u00bb global_colors_info=\u00bb{}\u00bb][\/et_pb_image][\/et_pb_column][et_pb_column type=\u00bb1_3&#8243; _builder_version=\u00bb4.20.0&#8243; _module_preset=\u00bbdefault\u00bb global_colors_info=\u00bb{}\u00bb][et_pb_text admin_label=\u00bbTitulo-capilla seminario\u00bb _builder_version=\u00bb4.20.0&#8243; _module_preset=\u00bbdefault\u00bb text_font=\u00bb|||on|||||\u00bb text_text_color=\u00bb#aaa690&#8243; text_font_size=\u00bb28px\u00bb custom_margin=\u00bb|||11px|false|false\u00bb custom_css_main_element=\u00bbline-height:1&#8243; global_colors_info=\u00bb{}\u00bb]<\/p>\n<p><span style=\"font-size: 36pt;\">Capilla mayor del Seminario<\/span><\/p>\n<p>[\/et_pb_text][et_pb_text admin_label=\u00bbTexto-informativo\u00bb _builder_version=\u00bb4.20.0&#8243; _module_preset=\u00bbdefault\u00bb custom_margin=\u00bb6px|0px||10px|false|false\u00bb custom_css_main_element=\u00bbline-height:1.5&#8243; global_colors_info=\u00bb{}\u00bb]<\/p>\n<p>Capilla neog\u00f3tica, ubicada en el coraz\u00f3n del edificio, ya que los dos claustros se articulan a partir de su centralidad. Desde el atrio de la puerta principal se accede mediante una escalera noble.<\/p>\n<p>[\/et_pb_text][\/et_pb_column][et_pb_column type=\u00bb1_3&#8243; _builder_version=\u00bb4.20.0&#8243; _module_preset=\u00bbdefault\u00bb global_colors_info=\u00bb{}\u00bb][et_pb_image src=\u00bbhttps:\/\/www.seminaricasacultura.cat\/wp-content\/uploads\/sites\/118\/2023\/04\/03-CapellaSeminari2.jpg\u00bb title_text=\u00bb03-CapellaSeminari2&#8243; url=\u00bbhttps:\/\/www.seminaricasacultura.cat\/wp-content\/uploads\/sites\/118\/2023\/04\/03-CapellaSeminari2.jpg\u00bb url_new_window=\u00bbon\u00bb admin_label=\u00bbimatge capella\u00bb _builder_version=\u00bb4.20.0&#8243; _module_preset=\u00bbdefault\u00bb custom_margin=\u00bb3px|10px||2px|false|false\u00bb border_radii=\u00bbon|7px|7px|7px|7px\u00bb global_colors_info=\u00bb{}\u00bb][\/et_pb_image][\/et_pb_column][\/et_pb_row][et_pb_row _builder_version=\u00bb4.20.0&#8243; _module_preset=\u00bbdefault\u00bb global_colors_info=\u00bb{}\u00bb][et_pb_column type=\u00bb4_4&#8243; _builder_version=\u00bb4.20.0&#8243; _module_preset=\u00bbdefault\u00bb global_colors_info=\u00bb{}\u00bb][et_pb_divider show_divider=\u00bboff\u00bb _builder_version=\u00bb4.20.0&#8243; _module_preset=\u00bbdefault\u00bb global_colors_info=\u00bb{}\u00bb][\/et_pb_divider][\/et_pb_column][\/et_pb_row][et_pb_row column_structure=\u00bb1_3,1_3,1_3&#8243; admin_label=\u00bbBiblioteca\u00bb _builder_version=\u00bb4.20.0&#8243; _module_preset=\u00bbdefault\u00bb background_color=\u00bbrgba(0,0,0,0.05)\u00bb min_height=\u00bb386.8px\u00bb custom_margin=\u00bb||||false|false\u00bb custom_padding=\u00bb24px||9px||false|false\u00bb animation_style=\u00bbzoom\u00bb border_radii=\u00bbon|7px|7px|7px|7px\u00bb global_colors_info=\u00bb{}\u00bb][et_pb_column type=\u00bb1_3&#8243; _builder_version=\u00bb4.20.0&#8243; _module_preset=\u00bbdefault\u00bb global_colors_info=\u00bb{}\u00bb][et_pb_image src=\u00bbhttps:\/\/www.seminaricasacultura.cat\/wp-content\/uploads\/sites\/118\/2023\/04\/19-Bibioteca-antigue1.jpg\u00bb title_text=\u00bb19-Bibioteca antigue1&#8243; url=\u00bbhttps:\/\/www.seminaricasacultura.cat\/wp-content\/uploads\/sites\/118\/2023\/04\/19-Bibioteca-antigue1.jpg\u00bb url_new_window=\u00bbon\u00bb _builder_version=\u00bb4.20.0&#8243; _module_preset=\u00bbdefault\u00bb custom_margin=\u00bb|||8px|false|false\u00bb border_radii=\u00bbon|7px|7px|7px|7px\u00bb global_colors_info=\u00bb{}\u00bb][\/et_pb_image][\/et_pb_column][et_pb_column type=\u00bb1_3&#8243; _builder_version=\u00bb4.20.0&#8243; _module_preset=\u00bbdefault\u00bb global_colors_info=\u00bb{}\u00bb][et_pb_text admin_label=\u00bbTitol-biblioteca\u00bb _builder_version=\u00bb4.20.0&#8243; _module_preset=\u00bbdefault\u00bb text_font=\u00bb|||on|||||\u00bb text_text_color=\u00bb#aaa690&#8243; text_font_size=\u00bb28px\u00bb custom_margin=\u00bb|||11px|false|false\u00bb global_colors_info=\u00bb{}\u00bb]<\/p>\n<p><span style=\"font-size: 36pt;\">Biblioteca<\/span><\/p>\n<p>[\/et_pb_text][et_pb_text admin_label=\u00bbTexto-informativo\u00bb _builder_version=\u00bb4.20.0&#8243; _module_preset=\u00bbdefault\u00bb custom_margin=\u00bb6px|0px||10px|false|false\u00bb custom_css_main_element=\u00bbline-height:1.5&#8243; global_colors_info=\u00bb{}\u00bb]<\/p>\n<p>La magn\u00edfica biblioteca neocl\u00e1sica del s. XIX, la biblioteca del Seminario Pontificio contiene un importante fondo bibliogr\u00e1fico y documental que nos remonta al siglo XIII con m\u00e1s de 100.000 vol\u00famenes, muchos de ellos incunables.<\/p>\n<p>Se ha sumado una biblioteca abierta a los ciudadanos con un marcado uso formativo y acad\u00e9mico, en la que ofrecer espacios de reflexi\u00f3n, trabajo y di\u00e1logo para todos aquellos que ven la cultura como un valor para entender el mundo actual.<\/p>\n<p>[\/et_pb_text][et_pb_button button_url=\u00bbhttp:\/\/www.bspt.cat\u00bb button_text=\u00bbSABER M\u00c1S \u00bb\u00bb admin_label=\u00bbBoton\u00bb _builder_version=\u00bb4.27.4&#8243; _module_preset=\u00bbdefault\u00bb custom_button=\u00bbon\u00bb button_text_size=\u00bb15px\u00bb custom_margin=\u00bb0px|||10px|false|false\u00bb hover_enabled=\u00bb0&#8243; global_colors_info=\u00bb{}\u00bb url_new_window=\u00bbon\u00bb sticky_enabled=\u00bb0&#8243;][\/et_pb_button][\/et_pb_column][et_pb_column type=\u00bb1_3&#8243; _builder_version=\u00bb4.20.0&#8243; _module_preset=\u00bbdefault\u00bb global_colors_info=\u00bb{}\u00bb][et_pb_image src=\u00bbhttps:\/\/www.seminaricasacultura.cat\/wp-content\/uploads\/sites\/118\/2023\/04\/20-bibloiotecamoderna.jpg\u00bb title_text=\u00bb20-bibloiotecamoderna\u00bb url=\u00bbhttps:\/\/www.seminaricasacultura.cat\/wp-content\/uploads\/sites\/118\/2023\/04\/20-bibloiotecamoderna.jpg\u00bb url_new_window=\u00bbon\u00bb _builder_version=\u00bb4.20.0&#8243; _module_preset=\u00bbdefault\u00bb custom_margin=\u00bb|8px|||false|false\u00bb border_radii=\u00bbon|7px|7px|7px|7px\u00bb global_colors_info=\u00bb{}\u00bb][\/et_pb_image][\/et_pb_column][\/et_pb_row][et_pb_row _builder_version=\u00bb4.20.0&#8243; _module_preset=\u00bbdefault\u00bb global_colors_info=\u00bb{}\u00bb][et_pb_column type=\u00bb4_4&#8243; _builder_version=\u00bb4.20.0&#8243; _module_preset=\u00bbdefault\u00bb global_colors_info=\u00bb{}\u00bb][et_pb_divider show_divider=\u00bboff\u00bb _builder_version=\u00bb4.20.0&#8243; _module_preset=\u00bbdefault\u00bb min_height=\u00bb47.8px\u00bb global_colors_info=\u00bb{}\u00bb][\/et_pb_divider][\/et_pb_column][\/et_pb_row][et_pb_row column_structure=\u00bb1_3,1_3,1_3&#8243; admin_label=\u00bbINSAF\u00bb _builder_version=\u00bb4.20.0&#8243; _module_preset=\u00bbdefault\u00bb background_color=\u00bb#FFFFFF\u00bb min_height=\u00bb276.8px\u00bb custom_margin=\u00bb|auto|2px|auto||\u00bb custom_padding=\u00bb14px|||||\u00bb animation_style=\u00bbzoom\u00bb border_radii=\u00bboff|7px|7px||\u00bb global_colors_info=\u00bb{}\u00bb][et_pb_column type=\u00bb1_3&#8243; _builder_version=\u00bb4.20.0&#8243; _module_preset=\u00bbdefault\u00bb global_colors_info=\u00bb{}\u00bb][et_pb_text admin_label=\u00bbTitol-insaf\u00bb _builder_version=\u00bb4.20.0&#8243; _module_preset=\u00bbdefault\u00bb text_font=\u00bb|||on|||||\u00bb text_text_color=\u00bb#aaa690&#8243; text_font_size=\u00bb28px\u00bb custom_margin=\u00bb|||11px|false|false\u00bb custom_css_main_element=\u00bbline-height:1&#8243; global_colors_info=\u00bb{}\u00bb]<\/p>\n<p><span style=\"font-size: 36pt;\">INSTITUT DE CI\u00c8NCIES RELIGIOSES SANT FRUCTU\u00d3S<\/span><\/p>\n<p>[\/et_pb_text][\/et_pb_column][et_pb_column type=\u00bb1_3&#8243; _builder_version=\u00bb4.20.0&#8243; _module_preset=\u00bbdefault\u00bb global_colors_info=\u00bb{}\u00bb][et_pb_image src=\u00bbhttps:\/\/www.seminaricasacultura.cat\/wp-content\/uploads\/sites\/118\/2023\/04\/logoInsaf2.png\u00bb title_text=\u00bblogoInsaf2&#8243; url_new_window=\u00bbon\u00bb _builder_version=\u00bb4.20.0&#8243; _module_preset=\u00bbdefault\u00bb global_colors_info=\u00bb{}\u00bb][\/et_pb_image][\/et_pb_column][et_pb_column type=\u00bb1_3&#8243; _builder_version=\u00bb4.20.0&#8243; _module_preset=\u00bbdefault\u00bb global_colors_info=\u00bb{}\u00bb][et_pb_image src=\u00bbhttps:\/\/www.seminaricasacultura.cat\/wp-content\/uploads\/sites\/118\/2023\/04\/aula-insaf.jpg\u00bb title_text=\u00bbaula insaf\u00bb url=\u00bbhttps:\/\/www.seminaricasacultura.cat\/wp-content\/uploads\/sites\/118\/2023\/04\/aula-insaf.jpg\u00bb url_new_window=\u00bbon\u00bb _builder_version=\u00bb4.20.0&#8243; _module_preset=\u00bbdefault\u00bb custom_margin=\u00bb|9px|||false|false\u00bb border_radii=\u00bbon|7px|7px|7px|7px\u00bb global_colors_info=\u00bb{}\u00bb][\/et_pb_image][\/et_pb_column][\/et_pb_row][et_pb_row _builder_version=\u00bb4.20.0&#8243; _module_preset=\u00bbdefault\u00bb background_color=\u00bb#FFFFFF\u00bb min_height=\u00bb124.5px\u00bb custom_margin=\u00bb-3px|auto||auto||\u00bb custom_padding=\u00bb27px|||||\u00bb border_radii=\u00bboff|||7px|7px\u00bb global_colors_info=\u00bb{}\u00bb][et_pb_column type=\u00bb4_4&#8243; _builder_version=\u00bb4.20.0&#8243; _module_preset=\u00bbdefault\u00bb global_colors_info=\u00bb{}\u00bb][et_pb_text admin_label=\u00bbTexto-informativo\u00bb _builder_version=\u00bb4.20.0&#8243; _module_preset=\u00bbdefault\u00bb custom_margin=\u00bb6px|0px||10px|false|false\u00bb custom_css_main_element=\u00bbline-height:1.5&#8243; global_colors_info=\u00bb{}\u00bb]<\/p>\n<p>El Institut Superior de Ci\u00e8ncies Religioses Sant Fructu\u00f3s (ISCR \u00abSan Fructuoso\u00bb- INSAF) es la instituci\u00f3n acad\u00e9mica de la Archidi\u00f3cesis de Tarragona que ofrece los estudios teol\u00f3gicos superiores en Ciencias Religiosas (Bachillerato y Licenciatura), reconocidos civil y eclesi\u00e1sticamente.<\/p>\n<p>El ISCR \u00abSan Fructuoso\u00bb tiene por finalidad la formaci\u00f3n de los fieles \u2015laicos y religiosos\u2015 de cara al enriquecimiento de su vida cristiana, a la capacidad de dar raz\u00f3n de la propia fe.<\/p>\n<p>[\/et_pb_text][et_pb_button button_url=\u00bbhttp:\/\/www.insaf.cat\/\u00bb url_new_window=\u00bbon\u00bb button_text=\u00bbSABER M\u00c1S \u00bb\u00bb button_alignment=\u00bbcenter\u00bb admin_label=\u00bbBoton\u00bb _builder_version=\u00bb4.27.4&#8243; _module_preset=\u00bbdefault\u00bb custom_button=\u00bbon\u00bb button_text_size=\u00bb13px\u00bb button_bg_color=\u00bb#FFFFFF\u00bb hover_enabled=\u00bb0&#8243; global_colors_info=\u00bb{}\u00bb sticky_enabled=\u00bb0&#8243;][\/et_pb_button][\/et_pb_column][\/et_pb_row][et_pb_row _builder_version=\u00bb4.20.0&#8243; _module_preset=\u00bbdefault\u00bb global_colors_info=\u00bb{}\u00bb][et_pb_column type=\u00bb4_4&#8243; _builder_version=\u00bb4.20.0&#8243; _module_preset=\u00bbdefault\u00bb global_colors_info=\u00bb{}\u00bb][et_pb_divider show_divider=\u00bboff\u00bb _builder_version=\u00bb4.20.0&#8243; _module_preset=\u00bbdefault\u00bb global_colors_info=\u00bb{}\u00bb][\/et_pb_divider][\/et_pb_column][\/et_pb_row][et_pb_row column_structure=\u00bb1_3,1_3,1_3&#8243; admin_label=\u00bbFundaci\u00f3 sta Maria\u00bb _builder_version=\u00bb4.20.0&#8243; _module_preset=\u00bbdefault\u00bb background_color=\u00bbrgba(0,0,0,0.05)\u00bb min_height=\u00bb400.8px\u00bb custom_margin=\u00bb2px|auto|2px|auto||\u00bb custom_padding=\u00bb14px|||||\u00bb animation_style=\u00bbzoom\u00bb border_radii=\u00bbon|7px|7px|7px|7px\u00bb global_colors_info=\u00bb{}\u00bb][et_pb_column type=\u00bb1_3&#8243; _builder_version=\u00bb4.20.0&#8243; _module_preset=\u00bbdefault\u00bb global_colors_info=\u00bb{}\u00bb][et_pb_text admin_label=\u00bbTitol-insaf\u00bb _builder_version=\u00bb4.20.0&#8243; _module_preset=\u00bbdefault\u00bb text_font=\u00bb|||on|||||\u00bb text_text_color=\u00bb#aaa690&#8243; text_font_size=\u00bb28px\u00bb custom_margin=\u00bb|||11px|false|false\u00bb custom_css_main_element=\u00bbline-height:1&#8243; global_colors_info=\u00bb{}\u00bb]<\/p>\n<p><span style=\"font-size: 36pt;\">FUNDACI\u00d3 SANTA MARIA<br \/>DE SIURANA<\/span><\/p>\n<p>[\/et_pb_text][et_pb_text admin_label=\u00bbTexto-informativo\u00bb _builder_version=\u00bb4.20.0&#8243; _module_preset=\u00bbdefault\u00bb custom_margin=\u00bb6px|0px||10px|false|false\u00bb custom_css_main_element=\u00bbline-height:1.5&#8243; global_colors_info=\u00bb{}\u00bb]<\/p>\n<p>La Fundaci\u00f3n Santa Mar\u00eda de Siurana es una entidad educativa de referencia en toda la provincia de Tarragona, ofreciendo un servicio de orientaci\u00f3n, de servicios educativos, de educaci\u00f3n y de servicio a las personas en todas sus vertientes y de calidad pedag\u00f3gica.<\/p>\n<p>[\/et_pb_text][et_pb_button button_url=\u00bbhttps:\/\/fundaciosiurana.cat\/fundacio-siurana\/missio-i-visio-documentacio\/\u00bb url_new_window=\u00bbon\u00bb button_text=\u00bbSABER M\u00c1S \u00bb button_alignment=\u00bbcenter\u00bb admin_label=\u00bbBoton\u00bb _builder_version=\u00bb4.20.0&#8243; _module_preset=\u00bbdefault\u00bb custom_button=\u00bbon\u00bb button_text_size=\u00bb13px\u00bb global_colors_info=\u00bb{}\u00bb][\/et_pb_button][\/et_pb_column][et_pb_column type=\u00bb1_3&#8243; _builder_version=\u00bb4.20.0&#8243; _module_preset=\u00bbdefault\u00bb global_colors_info=\u00bb{}\u00bb][et_pb_image src=\u00bbhttps:\/\/www.seminaricasacultura.cat\/wp-content\/uploads\/sites\/118\/2023\/04\/12-sta-maria-ciurana2-1.jpg\u00bb title_text=\u00bb12-sta maria ciurana2&#8243; url=\u00bbhttps:\/\/www.seminaricasacultura.cat\/wp-content\/uploads\/sites\/118\/2023\/04\/22-INSAF_2.jpg\u00bb url_new_window=\u00bbon\u00bb _builder_version=\u00bb4.20.0&#8243; _module_preset=\u00bbdefault\u00bb border_radii=\u00bbon|7px|7px|7px|7px\u00bb global_colors_info=\u00bb{}\u00bb][\/et_pb_image][\/et_pb_column][et_pb_column type=\u00bb1_3&#8243; _builder_version=\u00bb4.20.0&#8243; _module_preset=\u00bbdefault\u00bb global_colors_info=\u00bb{}\u00bb][et_pb_image src=\u00bbhttps:\/\/www.seminaricasacultura.cat\/wp-content\/uploads\/sites\/118\/2023\/04\/11-Sta-Marai-Ciurana1.jpg\u00bb title_text=\u00bb11-Sta Marai Ciurana1&#8243; url=\u00bbhttps:\/\/www.seminaricasacultura.cat\/wp-content\/uploads\/sites\/118\/2023\/04\/21-INSAF_1.jpg\u00bb url_new_window=\u00bbon\u00bb _builder_version=\u00bb4.20.0&#8243; _module_preset=\u00bbdefault\u00bb border_radii=\u00bbon|7px|7px|7px|7px\u00bb global_colors_info=\u00bb{}\u00bb][\/et_pb_image][\/et_pb_column][\/et_pb_row][et_pb_row _builder_version=\u00bb4.20.0&#8243; _module_preset=\u00bbdefault\u00bb global_colors_info=\u00bb{}\u00bb][et_pb_column type=\u00bb4_4&#8243; _builder_version=\u00bb4.20.0&#8243; _module_preset=\u00bbdefault\u00bb global_colors_info=\u00bb{}\u00bb][et_pb_divider show_divider=\u00bboff\u00bb _builder_version=\u00bb4.20.0&#8243; _module_preset=\u00bbdefault\u00bb global_colors_info=\u00bb{}\u00bb][\/et_pb_divider][\/et_pb_column][\/et_pb_row][et_pb_row column_structure=\u00bb1_3,1_3,1_3&#8243; admin_label=\u00bbseminari major\u00bb _builder_version=\u00bb4.20.0&#8243; _module_preset=\u00bbdefault\u00bb min_height=\u00bb268.8px\u00bb custom_margin=\u00bb|auto|2px|auto||\u00bb custom_padding=\u00bb14px||0px|||\u00bb animation_style=\u00bbzoom\u00bb global_colors_info=\u00bb{}\u00bb][et_pb_column type=\u00bb1_3&#8243; _builder_version=\u00bb4.20.0&#8243; _module_preset=\u00bbdefault\u00bb global_colors_info=\u00bb{}\u00bb][et_pb_text admin_label=\u00bbTitulo_Seminario Major Interdiocesano\u00bb _builder_version=\u00bb4.20.0&#8243; _module_preset=\u00bbdefault\u00bb text_font=\u00bb|||on|||||\u00bb text_text_color=\u00bb#aaa690&#8243; text_font_size=\u00bb28px\u00bb custom_margin=\u00bb|||0px|false|false\u00bb custom_css_main_element=\u00bbline-height:1&#8243; global_colors_info=\u00bb{}\u00bb]<\/p>\n<p><span style=\"font-size: 35pt;\">Seminari Major Interdioces\u00e0<\/span><\/p>\n<p>[\/et_pb_text][\/et_pb_column][et_pb_column type=\u00bb1_3&#8243; _builder_version=\u00bb4.20.0&#8243; _module_preset=\u00bbdefault\u00bb global_colors_info=\u00bb{}\u00bb][et_pb_image src=\u00bbhttps:\/\/www.seminaricasacultura.cat\/wp-content\/uploads\/sites\/118\/2023\/04\/SeminariInterdiocesa1.jpg\u00bb title_text=\u00bbSeminariInterdiocesa1&#8243; url=\u00bbhttps:\/\/www.seminaricasacultura.cat\/wp-content\/uploads\/sites\/118\/2023\/04\/SeminariInterdiocesa1.jpg\u00bb url_new_window=\u00bbon\u00bb _builder_version=\u00bb4.20.0&#8243; _module_preset=\u00bbdefault\u00bb border_radii=\u00bbon|7px|7px|7px|7px\u00bb global_colors_info=\u00bb{}\u00bb][\/et_pb_image][\/et_pb_column][et_pb_column type=\u00bb1_3&#8243; _builder_version=\u00bb4.20.0&#8243; _module_preset=\u00bbdefault\u00bb global_colors_info=\u00bb{}\u00bb][et_pb_image src=\u00bbhttps:\/\/www.seminaricasacultura.cat\/wp-content\/uploads\/sites\/118\/2023\/04\/seminariinterdiocesa2.jpg\u00bb title_text=\u00bbseminariinterdiocesa2&#8243; url=\u00bbhttps:\/\/www.seminaricasacultura.cat\/wp-content\/uploads\/sites\/118\/2023\/04\/seminariinterdiocesa2.jpg\u00bb url_new_window=\u00bbon\u00bb admin_label=\u00bbimatge capella\u00bb _builder_version=\u00bb4.20.0&#8243; _module_preset=\u00bbdefault\u00bb border_radii=\u00bbon|7px|7px|7px|7px\u00bb global_colors_info=\u00bb{}\u00bb][\/et_pb_image][\/et_pb_column][\/et_pb_row][et_pb_row _builder_version=\u00bb4.20.0&#8243; _module_preset=\u00bbdefault\u00bb global_colors_info=\u00bb{}\u00bb][et_pb_column type=\u00bb4_4&#8243; _builder_version=\u00bb4.20.0&#8243; _module_preset=\u00bbdefault\u00bb global_colors_info=\u00bb{}\u00bb][et_pb_text admin_label=\u00bbTexto-informativo seminario\u00bb _builder_version=\u00bb4.20.0&#8243; _module_preset=\u00bbdefault\u00bb custom_margin=\u00bb0px|0px||0px|false|false\u00bb custom_css_main_element=\u00bbline-height:1.5&#8243; global_colors_info=\u00bb{}\u00bb]<\/p>\n<p><span style=\"font-size: 11pt;\">Desde 1968 el Seminario Mayor se traslad\u00f3 a Barcelona para que los seminaristas pudieran estudiar en la Facultad de Teolog\u00eda, y as\u00ed contin\u00faa en la actualidad. Las di\u00f3cesis de Tarragona, Girona, Solsona, Urgell y Vic, a las que m\u00e1s tarde se a\u00f1adi\u00f3 Lleida y a\u00fan despu\u00e9s Tortosa iniciaron la formaci\u00f3n de los seminaristas en com\u00fan en el curso 1988-89, en el edificio de la calle Casp 49, actual <a href=\"http:\/\/www.seminarimajorinterdiocesa.com\/\" target=\"_blank\" rel=\"noopener\">Seminari Major Interdioces\u00e0 \u00bb<\/a><\/span><\/p>\n<p>[\/et_pb_text][\/et_pb_column][\/et_pb_row][et_pb_row _builder_version=\u00bb4.20.0&#8243; _module_preset=\u00bbdefault\u00bb global_colors_info=\u00bb{}\u00bb][et_pb_column type=\u00bb4_4&#8243; _builder_version=\u00bb4.20.0&#8243; _module_preset=\u00bbdefault\u00bb global_colors_info=\u00bb{}\u00bb][et_pb_divider show_divider=\u00bboff\u00bb _builder_version=\u00bb4.20.0&#8243; _module_preset=\u00bbdefault\u00bb custom_margin=\u00bb9px||||false|false\u00bb global_colors_info=\u00bb{}\u00bb][\/et_pb_divider][\/et_pb_column][\/et_pb_row][\/et_pb_section]<\/p>\n","protected":false},"excerpt":{"rendered":"<p>El Seminario. Casa de Cultura es, tambi\u00e9n, un espacio de acogida para las diferentes tareas pastorales que se desarrollan en la archidi\u00f3cesis. Entre otras, se llevan a cabo las formaciones mensuales para presb\u00edteros, los cursos b\u00edblicos de verano, encuentros diocesanos de C\u00e1ritas, reuniones y jornadas de las diferentes delegaciones diocesanas, encuentros arciprestales, vigilias de oraci\u00f3n, [&hellip;]<\/p>\n","protected":false},"author":59,"featured_media":0,"parent":0,"menu_order":0,"comment_status":"closed","ping_status":"closed","template":"","meta":{"_et_pb_use_builder":"on","_et_pb_old_content":"","_et_gb_content_width":"","footnotes":""},"class_list":["post-1161","page","type-page","status-publish","hentry"],"amp_enabled":true,"_links":{"self":[{"href":"https:\/\/www.seminaricasacultura.cat\/es\/wp-json\/wp\/v2\/pages\/1161","targetHints":{"allow":["GET"]}}],"collection":[{"href":"https:\/\/www.seminaricasacultura.cat\/es\/wp-json\/wp\/v2\/pages"}],"about":[{"href":"https:\/\/www.seminaricasacultura.cat\/es\/wp-json\/wp\/v2\/types\/page"}],"author":[{"embeddable":true,"href":"https:\/\/www.seminaricasacultura.cat\/es\/wp-json\/wp\/v2\/users\/59"}],"replies":[{"embeddable":true,"href":"https:\/\/www.seminaricasacultura.cat\/es\/wp-json\/wp\/v2\/comments?post=1161"}],"version-history":[{"count":11,"href":"https:\/\/www.seminaricasacultura.cat\/es\/wp-json\/wp\/v2\/pages\/1161\/revisions"}],"predecessor-version":[{"id":1615,"href":"https:\/\/www.seminaricasacultura.cat\/es\/wp-json\/wp\/v2\/pages\/1161\/revisions\/1615"}],"wp:attachment":[{"href":"https:\/\/www.seminaricasacultura.cat\/es\/wp-json\/wp\/v2\/media?parent=1161"}],"curies":[{"name":"wp","href":"https:\/\/api.w.org\/{rel}","templated":true}]}}