{"id":1107,"date":"2023-03-29T17:22:43","date_gmt":"2023-03-29T15:22:43","guid":{"rendered":"https:\/\/www.ctarraconense.cat\/qui-som\/"},"modified":"2025-05-02T11:23:02","modified_gmt":"2025-05-02T09:23:02","slug":"qui-som","status":"publish","type":"page","link":"https:\/\/www.seminaricasacultura.cat\/es\/qui-som\/","title":{"rendered":"\u00bfQuienes somos?"},"content":{"rendered":"<p>[et_pb_section fb_built=\u00bb1&#8243; fullwidth=\u00bbon\u00bb _builder_version=\u00bb4.20.0&#8243; _module_preset=\u00bbdefault\u00bb global_colors_info=\u00bb{}\u00bb][et_pb_fullwidth_image src=\u00bbhttps:\/\/www.seminaricasacultura.cat\/wp-content\/uploads\/sites\/118\/2023\/03\/Imatge-qui-som.jpg\u00bb title_text=\u00bbImatge qui som\u00bb _builder_version=\u00bb4.20.0&#8243; _module_preset=\u00bbdefault\u00bb global_colors_info=\u00bb{}\u00bb][\/et_pb_fullwidth_image][et_pb_fullwidth_post_title meta=\u00bboff\u00bb featured_image=\u00bboff\u00bb _builder_version=\u00bb4.20.0&#8243; _module_preset=\u00bbdefault\u00bb title_font=\u00bb|||on|||||\u00bb title_font_size=\u00bb50px\u00bb animation_style=\u00bbzoom\u00bb global_colors_info=\u00bb{}\u00bb][\/et_pb_fullwidth_post_title][\/et_pb_section][et_pb_section fb_built=\u00bb1&#8243; _builder_version=\u00bb4.20.0&#8243; _module_preset=\u00bbdefault\u00bb global_colors_info=\u00bb{}\u00bb][et_pb_row column_structure=\u00bb2_5,3_5&#8243; admin_label=\u00bbSeminari Tgn\u00bb _builder_version=\u00bb4.20.0&#8243; _module_preset=\u00bbdefault\u00bb background_color=\u00bbrgba(0,0,0,0.05)\u00bb custom_padding=\u00bb6px||7px||false|false\u00bb border_radii=\u00bbon|7px|7px|7px|7px\u00bb global_colors_info=\u00bb{}\u00bb][et_pb_column type=\u00bb2_5&#8243; _builder_version=\u00bb4.20.0&#8243; _module_preset=\u00bbdefault\u00bb global_colors_info=\u00bb{}\u00bb][et_pb_image src=\u00bbhttps:\/\/www.seminaricasacultura.cat\/wp-content\/uploads\/sites\/118\/2023\/04\/postal-seminari.jpg\u00bb title_text=\u00bbpostal seminari\u00bb admin_label=\u00bbSeminari Tgn\u00bb _builder_version=\u00bb4.20.0&#8243; _module_preset=\u00bbdefault\u00bb custom_margin=\u00bb12px|||9px|false|false\u00bb border_radii=\u00bbon|7px|7px|7px|7px\u00bb global_colors_info=\u00bb{}\u00bb][\/et_pb_image][\/et_pb_column][et_pb_column type=\u00bb3_5&#8243; _builder_version=\u00bb4.20.0&#8243; _module_preset=\u00bbdefault\u00bb global_colors_info=\u00bb{}\u00bb][et_pb_text admin_label=\u00bbSeminari Tgn\u00bb _builder_version=\u00bb4.20.0&#8243; _module_preset=\u00bbdefault\u00bb animation_style=\u00bbzoom\u00bb custom_css_main_element=\u00bbline-height:1.5&#8243; global_colors_info=\u00bb{}\u00bb]<\/p>\n<p>El Seminario. Casa de Cultura, esta ubicado en la Parte Alta de la ciudad de Tarragona junto a la Catedral, del Palacio Arzobispal y del Museo Diocesano.<\/p>\n<p>Se ubica en la Acr\u00f3polis de Tarragona formando parte del conjunto hist\u00f3rico de esta ciudad, reconocido por la Unesco en el a\u00f1o 2000.<\/p>\n<p>El Seminario forma parte de la historia viva de la ciudad de Tarragona, fundado en 1569 por el cardenal arzobispo Gaspar Cervantes de Gaeta en aplicaci\u00f3n del Concilio de Trento. Desde 1968 el seminario Mayor se traslad\u00f3 a Barcelona para que los seminaristas pudieran estudiar en la Facultad de Teolog\u00eda, y as\u00ed contin\u00faa en la actualidad.<\/p>\n<p>En 2014 se realiza una reforma integral para mejorar y modernizar las instalaciones dando acogida a eventos de todo tipo y abrir as\u00ed este patrimonio en la ciudad y en la sociedad.<\/p>\n<p>[\/et_pb_text][\/et_pb_column][\/et_pb_row][et_pb_row _builder_version=\u00bb4.20.0&#8243; _module_preset=\u00bbdefault\u00bb global_colors_info=\u00bb{}\u00bb][et_pb_column type=\u00bb4_4&#8243; _builder_version=\u00bb4.20.0&#8243; _module_preset=\u00bbdefault\u00bb global_colors_info=\u00bb{}\u00bb][et_pb_divider show_divider=\u00bboff\u00bb _builder_version=\u00bb4.20.0&#8243; _module_preset=\u00bbdefault\u00bb global_colors_info=\u00bb{}\u00bb][\/et_pb_divider][\/et_pb_column][\/et_pb_row][et_pb_row _builder_version=\u00bb4.20.0&#8243; _module_preset=\u00bbdefault\u00bb global_colors_info=\u00bb{}\u00bb][et_pb_column type=\u00bb4_4&#8243; _builder_version=\u00bb4.20.0&#8243; _module_preset=\u00bbdefault\u00bb global_colors_info=\u00bb{}\u00bb][et_pb_divider show_divider=\u00bboff\u00bb _builder_version=\u00bb4.20.0&#8243; _module_preset=\u00bbdefault\u00bb global_colors_info=\u00bb{}\u00bb][\/et_pb_divider][\/et_pb_column][\/et_pb_row][et_pb_row column_structure=\u00bb1_3,1_3,1_3&#8243; admin_label=\u00bbClaustre St Pau\u00bb _builder_version=\u00bb4.20.0&#8243; _module_preset=\u00bbdefault\u00bb background_color=\u00bb#FFFFFF\u00bb border_radii=\u00bbon|7px|7px|7px|7px\u00bb global_colors_info=\u00bb{}\u00bb][et_pb_column type=\u00bb1_3&#8243; _builder_version=\u00bb4.20.0&#8243; _module_preset=\u00bbdefault\u00bb global_colors_info=\u00bb{}\u00bb][et_pb_image src=\u00bbhttps:\/\/www.seminaricasacultura.cat\/wp-content\/uploads\/sites\/118\/2023\/04\/15-Ext-StPau.jpg\u00bb title_text=\u00bb15-Ext StPau\u00bb url=\u00bbhttps:\/\/www.seminaricasacultura.cat\/wp-content\/uploads\/sites\/118\/2023\/04\/15-Ext-StPau.jpg\u00bb _builder_version=\u00bb4.20.0&#8243; _module_preset=\u00bbdefault\u00bb custom_margin=\u00bb0px|||7px|false|false\u00bb border_radii=\u00bbon|7px|7px|7px|7px\u00bb global_colors_info=\u00bb{}\u00bb][\/et_pb_image][\/et_pb_column][et_pb_column type=\u00bb1_3&#8243; _builder_version=\u00bb4.20.0&#8243; _module_preset=\u00bbdefault\u00bb global_colors_info=\u00bb{}\u00bb][et_pb_text admin_label=\u00bbTitol_Claustre st Pau\u00bb _builder_version=\u00bb4.20.0&#8243; _module_preset=\u00bbdefault\u00bb text_font=\u00bb|||on|||||\u00bb text_font_size=\u00bb22px\u00bb text_line_height=\u00bb1.8em\u00bb header_font_size=\u00bb14px\u00bb background_color=\u00bbRGBA(255,255,255,0)\u00bb custom_margin=\u00bb|||0px|false|false\u00bb global_colors_info=\u00bb{}\u00bb]<\/p>\n<p><span style=\"font-size: 36pt; color: #aaa690;\">CLAUSTRO<br \/>DE SAN PABLO<\/span><\/p>\n<p>[\/et_pb_text][et_pb_text _builder_version=\u00bb4.20.0&#8243; _module_preset=\u00bbdefault\u00bb custom_css_main_element=\u00bbline-height:1.5&#8243; global_colors_info=\u00bb{}\u00bb]<\/p>\n<p>La capilla de San Pablo recuerda la antigua tradici\u00f3n medieval de la venida del ap\u00f3stol de los gentiles a la ciudad de Tarraco. La piedra sobre la que, durante el siglo XIII, se construy\u00f3 evoca tambi\u00e9n la firmeza de Cristo, la roca sobre la que se edifica nuestra fe.<\/p>\n<p>La Iglesia que peregrina a Tarragona se fundamenta en la predicaci\u00f3n apost\u00f3lica y arraiga en el testimonio martirial de san Fructuoso, obispo, y san Augurio y san Eulogio, di\u00e1conos.<\/p>\n<p>[\/et_pb_text][\/et_pb_column][et_pb_column type=\u00bb1_3&#8243; _builder_version=\u00bb4.20.0&#8243; _module_preset=\u00bbdefault\u00bb global_colors_info=\u00bb{}\u00bb][et_pb_image src=\u00bbhttps:\/\/www.seminaricasacultura.cat\/wp-content\/uploads\/sites\/118\/2023\/04\/14-interiorStPau.jpg\u00bb title_text=\u00bb14-interiorStPau\u00bb url=\u00bbhttps:\/\/www.seminaricasacultura.cat\/wp-content\/uploads\/sites\/118\/2023\/04\/14-interiorStPau.jpg\u00bb _builder_version=\u00bb4.20.0&#8243; _module_preset=\u00bbdefault\u00bb custom_margin=\u00bb|6px|||false|false\u00bb border_radii=\u00bbon|7px|7px|7px|7px\u00bb global_colors_info=\u00bb{}\u00bb][\/et_pb_image][\/et_pb_column][\/et_pb_row][et_pb_row _builder_version=\u00bb4.20.0&#8243; _module_preset=\u00bbdefault\u00bb global_colors_info=\u00bb{}\u00bb][et_pb_column type=\u00bb4_4&#8243; _builder_version=\u00bb4.20.0&#8243; _module_preset=\u00bbdefault\u00bb global_colors_info=\u00bb{}\u00bb][et_pb_divider show_divider=\u00bboff\u00bb _builder_version=\u00bb4.20.0&#8243; _module_preset=\u00bbdefault\u00bb global_colors_info=\u00bb{}\u00bb][\/et_pb_divider][\/et_pb_column][\/et_pb_row][et_pb_row column_structure=\u00bb1_3,1_3,1_3&#8243; admin_label=\u00bbFila\u00bb _builder_version=\u00bb4.20.0&#8243; _module_preset=\u00bbdefault\u00bb background_color=\u00bb#FFFFFF\u00bb global_colors_info=\u00bb{}\u00bb][et_pb_column type=\u00bb1_3&#8243; _builder_version=\u00bb4.20.0&#8243; _module_preset=\u00bbdefault\u00bb global_colors_info=\u00bb{}\u00bb][et_pb_button button_url=\u00bbhttps:\/\/www.seminaricasacultura.cat\/wp-content\/uploads\/sites\/118\/2023\/04\/Dossier-clientes-Esp.pdf\u00bb url_new_window=\u00bbon\u00bb button_text=\u00bbCAT\u00c1LOGO\u00bb button_alignment=\u00bbcenter\u00bb admin_label=\u00bbCatalogo\u00bb _builder_version=\u00bb4.20.0&#8243; _module_preset=\u00bbdefault\u00bb custom_button=\u00bbon\u00bb button_text_size=\u00bb16px\u00bb global_colors_info=\u00bb{}\u00bb][\/et_pb_button][\/et_pb_column][et_pb_column type=\u00bb1_3&#8243; _builder_version=\u00bb4.20.0&#8243; _module_preset=\u00bbdefault\u00bb global_colors_info=\u00bb{}\u00bb][et_pb_button button_url=\u00bbhttps:\/\/my.matterport.com\/show\/?m=kq7pFw1MYoX\u00bb url_new_window=\u00bbon\u00bb button_text=\u00bbTOUR VIRTUAL\u00bb button_alignment=\u00bbcenter\u00bb admin_label=\u00bbTour virtual\u00bb _builder_version=\u00bb4.20.0&#8243; _module_preset=\u00bbdefault\u00bb custom_button=\u00bbon\u00bb button_text_size=\u00bb16px\u00bb global_colors_info=\u00bb{}\u00bb][\/et_pb_button][\/et_pb_column][et_pb_column type=\u00bb1_3&#8243; _builder_version=\u00bb4.20.0&#8243; _module_preset=\u00bbdefault\u00bb global_colors_info=\u00bb{}\u00bb][et_pb_button button_url=\u00bbhttps:\/\/www.seminaricasacultura.cat\/on-som\/\u00bb button_text=\u00bb\u00bfD\u00d3NDE ESTAMOS?\u00bb button_alignment=\u00bbcenter\u00bb admin_label=\u00bbDonde estamos\u00bb _builder_version=\u00bb4.20.0&#8243; _module_preset=\u00bbdefault\u00bb custom_button=\u00bbon\u00bb button_text_size=\u00bb16px\u00bb global_colors_info=\u00bb{}\u00bb][\/et_pb_button][\/et_pb_column][\/et_pb_row][et_pb_row _builder_version=\u00bb4.20.0&#8243; _module_preset=\u00bbdefault\u00bb global_colors_info=\u00bb{}\u00bb][et_pb_column type=\u00bb4_4&#8243; _builder_version=\u00bb4.20.0&#8243; _module_preset=\u00bbdefault\u00bb global_colors_info=\u00bb{}\u00bb][et_pb_divider show_divider=\u00bboff\u00bb _builder_version=\u00bb4.20.0&#8243; _module_preset=\u00bbdefault\u00bb global_colors_info=\u00bb{}\u00bb][\/et_pb_divider][\/et_pb_column][\/et_pb_row][et_pb_row _builder_version=\u00bb4.20.0&#8243; _module_preset=\u00bbdefault\u00bb global_colors_info=\u00bb{}\u00bb][et_pb_column type=\u00bb4_4&#8243; _builder_version=\u00bb4.20.0&#8243; _module_preset=\u00bbdefault\u00bb global_colors_info=\u00bb{}\u00bb][et_pb_divider show_divider=\u00bboff\u00bb _builder_version=\u00bb4.20.0&#8243; _module_preset=\u00bbdefault\u00bb global_colors_info=\u00bb{}\u00bb][\/et_pb_divider][\/et_pb_column][\/et_pb_row][\/et_pb_section]<\/p>\n","protected":false},"excerpt":{"rendered":"<p>El Seminario. Casa de Cultura, esta ubicado en la Parte Alta de la ciudad de Tarragona junto a la Catedral, del Palacio Arzobispal y del Museo Diocesano. Se ubica en la Acr\u00f3polis de Tarragona formando parte del conjunto hist\u00f3rico de esta ciudad, reconocido por la Unesco en el a\u00f1o 2000. El Seminario forma parte de [&hellip;]<\/p>\n","protected":false},"author":59,"featured_media":0,"parent":0,"menu_order":0,"comment_status":"closed","ping_status":"closed","template":"","meta":{"_et_pb_use_builder":"on","_et_pb_old_content":"","_et_gb_content_width":"","footnotes":""},"class_list":["post-1107","page","type-page","status-publish","hentry"],"amp_enabled":true,"_links":{"self":[{"href":"https:\/\/www.seminaricasacultura.cat\/es\/wp-json\/wp\/v2\/pages\/1107","targetHints":{"allow":["GET"]}}],"collection":[{"href":"https:\/\/www.seminaricasacultura.cat\/es\/wp-json\/wp\/v2\/pages"}],"about":[{"href":"https:\/\/www.seminaricasacultura.cat\/es\/wp-json\/wp\/v2\/types\/page"}],"author":[{"embeddable":true,"href":"https:\/\/www.seminaricasacultura.cat\/es\/wp-json\/wp\/v2\/users\/59"}],"replies":[{"embeddable":true,"href":"https:\/\/www.seminaricasacultura.cat\/es\/wp-json\/wp\/v2\/comments?post=1107"}],"version-history":[{"count":8,"href":"https:\/\/www.seminaricasacultura.cat\/es\/wp-json\/wp\/v2\/pages\/1107\/revisions"}],"predecessor-version":[{"id":1554,"href":"https:\/\/www.seminaricasacultura.cat\/es\/wp-json\/wp\/v2\/pages\/1107\/revisions\/1554"}],"wp:attachment":[{"href":"https:\/\/www.seminaricasacultura.cat\/es\/wp-json\/wp\/v2\/media?parent=1107"}],"curies":[{"name":"wp","href":"https:\/\/api.w.org\/{rel}","templated":true}]}}