{"id":1346,"date":"2023-03-29T17:22:43","date_gmt":"2023-03-29T15:22:43","guid":{"rendered":"https:\/\/www.ctarraconense.cat\/qui-som\/"},"modified":"2025-05-02T11:23:48","modified_gmt":"2025-05-02T09:23:48","slug":"qui-som","status":"publish","type":"page","link":"https:\/\/www.seminaricasacultura.cat\/en\/qui-som\/","title":{"rendered":"About us"},"content":{"rendered":"<p>[et_pb_section fb_built=&#8221;1&#8243; fullwidth=&#8221;on&#8221; _builder_version=&#8221;4.20.0&#8243; _module_preset=&#8221;default&#8221; global_colors_info=&#8221;{}&#8221;][et_pb_fullwidth_image src=&#8221;https:\/\/www.seminaricasacultura.cat\/wp-content\/uploads\/sites\/118\/2023\/03\/Imatge-qui-som.jpg&#8221; title_text=&#8221;Imatge qui som&#8221; _builder_version=&#8221;4.20.0&#8243; _module_preset=&#8221;default&#8221; global_colors_info=&#8221;{}&#8221;][\/et_pb_fullwidth_image][et_pb_fullwidth_post_title meta=&#8221;off&#8221; featured_image=&#8221;off&#8221; _builder_version=&#8221;4.20.0&#8243; _module_preset=&#8221;default&#8221; title_font=&#8221;|||on|||||&#8221; title_font_size=&#8221;50px&#8221; animation_style=&#8221;zoom&#8221; global_colors_info=&#8221;{}&#8221;][\/et_pb_fullwidth_post_title][\/et_pb_section][et_pb_section fb_built=&#8221;1&#8243; _builder_version=&#8221;4.20.0&#8243; _module_preset=&#8221;default&#8221; global_colors_info=&#8221;{}&#8221;][et_pb_row column_structure=&#8221;2_5,3_5&#8243; admin_label=&#8221;Seminari Tgn&#8221; _builder_version=&#8221;4.20.0&#8243; _module_preset=&#8221;default&#8221; background_color=&#8221;rgba(0,0,0,0.05)&#8221; custom_padding=&#8221;11px||10px||false|false&#8221; border_radii=&#8221;on|7px|7px|7px|7px&#8221; global_colors_info=&#8221;{}&#8221;][et_pb_column type=&#8221;2_5&#8243; _builder_version=&#8221;4.20.0&#8243; _module_preset=&#8221;default&#8221; global_colors_info=&#8221;{}&#8221;][et_pb_image src=&#8221;https:\/\/www.seminaricasacultura.cat\/wp-content\/uploads\/sites\/118\/2023\/04\/postal-seminari.jpg&#8221; title_text=&#8221;postal seminari&#8221; admin_label=&#8221;Seminari Tgn&#8221; _builder_version=&#8221;4.20.0&#8243; _module_preset=&#8221;default&#8221; custom_margin=&#8221;|||9px|false|false&#8221; border_radii=&#8221;on|7px|7px|7px|7px&#8221; global_colors_info=&#8221;{}&#8221;][\/et_pb_image][\/et_pb_column][et_pb_column type=&#8221;3_5&#8243; _builder_version=&#8221;4.20.0&#8243; _module_preset=&#8221;default&#8221; global_colors_info=&#8221;{}&#8221;][et_pb_text admin_label=&#8221;Seminari Tgn&#8221; _builder_version=&#8221;4.20.0&#8243; _module_preset=&#8221;default&#8221; animation_style=&#8221;zoom&#8221; custom_css_main_element=&#8221;line-height:1.5&#8243; global_colors_info=&#8221;{}&#8221;]<\/p>\n<p><span style=\"font-size: 11pt;\">El Seminari. Casa de Cultura, ubicat a la Part Alta de la ciutat de Tarragona al costat de la Catedral, del Palau Arquebisbal i del Museu Dioces\u00e0.<\/span><\/p>\n<p><span style=\"font-size: 11pt;\">Se situa a l\u2019Acr\u00f2poli de Tarragona formant part del conjunt hist\u00f2ric d\u2019aquesta ciutat, reconegut per la Unesco l\u2019any 2000.<\/span><\/p>\n<p><span style=\"font-size: 11pt;\">El Seminari forma part de la historia viva de la ciutat de Tarragona, fundat el 1569 pel cardenal arquebisbe Gaspar Cervantes de Gaeta en aplicaci\u00f3 del Concili de Trento. Des de l\u2019any 1968 el seminari Major es va traslladar a Barcelona perqu\u00e8 els seminaristes poguessin estudiar a la Facultat de Teologia, i aix\u00ed continua en l\u2019actualitat.<\/span><\/p>\n<p><span style=\"font-size: 11pt;\">Al 2014 es fa una reforma integral per tal de millorar i modernitzar les instal\u00b7lacions donant acollida a esdeveniments de tota mena i obrir aix\u00ed aquests patrimoni a la ciutat i a la societat.<\/span><\/p>\n<p>[\/et_pb_text][\/et_pb_column][\/et_pb_row][et_pb_row _builder_version=&#8221;4.20.0&#8243; _module_preset=&#8221;default&#8221; global_colors_info=&#8221;{}&#8221;][et_pb_column type=&#8221;4_4&#8243; _builder_version=&#8221;4.20.0&#8243; _module_preset=&#8221;default&#8221; global_colors_info=&#8221;{}&#8221;][et_pb_divider show_divider=&#8221;off&#8221; _builder_version=&#8221;4.20.0&#8243; _module_preset=&#8221;default&#8221; global_colors_info=&#8221;{}&#8221;][\/et_pb_divider][\/et_pb_column][\/et_pb_row][et_pb_row column_structure=&#8221;1_3,1_3,1_3&#8243; admin_label=&#8221;Claustre St Pau&#8221; _builder_version=&#8221;4.20.0&#8243; _module_preset=&#8221;default&#8221; background_color=&#8221;#FFFFFF&#8221; border_radii=&#8221;on|7px|7px|7px|7px&#8221; global_colors_info=&#8221;{}&#8221;][et_pb_column type=&#8221;1_3&#8243; _builder_version=&#8221;4.20.0&#8243; _module_preset=&#8221;default&#8221; global_colors_info=&#8221;{}&#8221;][et_pb_image src=&#8221;https:\/\/www.seminaricasacultura.cat\/wp-content\/uploads\/sites\/118\/2023\/04\/15-Ext-StPau.jpg&#8221; title_text=&#8221;15-Ext StPau&#8221; url=&#8221;https:\/\/www.seminaricasacultura.cat\/wp-content\/uploads\/sites\/118\/2023\/04\/15-Ext-StPau.jpg&#8221; _builder_version=&#8221;4.20.0&#8243; _module_preset=&#8221;default&#8221; custom_margin=&#8221;0px|||7px|false|false&#8221; border_radii=&#8221;on|7px|7px|7px|7px&#8221; global_colors_info=&#8221;{}&#8221;][\/et_pb_image][\/et_pb_column][et_pb_column type=&#8221;1_3&#8243; _builder_version=&#8221;4.20.0&#8243; _module_preset=&#8221;default&#8221; global_colors_info=&#8221;{}&#8221;][et_pb_text admin_label=&#8221;Titol_Claustre st Pau&#8221; _builder_version=&#8221;4.20.0&#8243; _module_preset=&#8221;default&#8221; text_font=&#8221;|||on|||||&#8221; text_font_size=&#8221;22px&#8221; text_line_height=&#8221;1.8em&#8221; header_font_size=&#8221;14px&#8221; background_color=&#8221;RGBA(255,255,255,0)&#8221; custom_margin=&#8221;|||0px|false|false&#8221; global_colors_info=&#8221;{}&#8221;]<\/p>\n<p><span style=\"font-size: 36pt; color: #aaa690;\">CLAUSTRE<br \/>DE SANT PAU<\/span><\/p>\n<p>[\/et_pb_text][et_pb_text _builder_version=&#8221;4.20.0&#8243; _module_preset=&#8221;default&#8221; custom_css_main_element=&#8221;line-height:1.5&#8243; global_colors_info=&#8221;{}&#8221;]<\/p>\n<p><span style=\"font-size: 11pt;\">La capella de Sant Pau recorda l\u2019antiga tradici\u00f3 medieval de la vinguda de l\u2019ap\u00f2stol dels gentils a la ciutat de T\u00e0rraco. La pedra sobre la qual, durant el segle XIII, es va bastir evoca tamb\u00e9 la fermesa de Crist, la roca sobre la qual s\u2019edifica la nostra fe.<\/span><\/p>\n<p><span style=\"font-size: 11pt;\">L\u2019Esgl\u00e9sia que pelegrina a Tarragona es fonamenta en la predicaci\u00f3 apost\u00f2lica i arrela en el testimoni martirial de sant Fructu\u00f3s, bisbe, i sant Auguri i sant Eulogi, diaques.<\/span><\/p>\n<p>[\/et_pb_text][\/et_pb_column][et_pb_column type=&#8221;1_3&#8243; _builder_version=&#8221;4.20.0&#8243; _module_preset=&#8221;default&#8221; global_colors_info=&#8221;{}&#8221;][et_pb_image src=&#8221;https:\/\/www.seminaricasacultura.cat\/wp-content\/uploads\/sites\/118\/2023\/04\/14-interiorStPau.jpg&#8221; title_text=&#8221;14-interiorStPau&#8221; url=&#8221;https:\/\/www.seminaricasacultura.cat\/wp-content\/uploads\/sites\/118\/2023\/04\/14-interiorStPau.jpg&#8221; _builder_version=&#8221;4.20.0&#8243; _module_preset=&#8221;default&#8221; custom_margin=&#8221;|6px|||false|false&#8221; border_radii=&#8221;on|7px|7px|7px|7px&#8221; global_colors_info=&#8221;{}&#8221;][\/et_pb_image][\/et_pb_column][\/et_pb_row][et_pb_row _builder_version=&#8221;4.20.0&#8243; _module_preset=&#8221;default&#8221; global_colors_info=&#8221;{}&#8221;][et_pb_column type=&#8221;4_4&#8243; _builder_version=&#8221;4.20.0&#8243; _module_preset=&#8221;default&#8221; global_colors_info=&#8221;{}&#8221;][et_pb_divider show_divider=&#8221;off&#8221; _builder_version=&#8221;4.20.0&#8243; _module_preset=&#8221;default&#8221; global_colors_info=&#8221;{}&#8221;][\/et_pb_divider][\/et_pb_column][\/et_pb_row][et_pb_row _builder_version=&#8221;4.20.0&#8243; _module_preset=&#8221;default&#8221; global_colors_info=&#8221;{}&#8221;][et_pb_column type=&#8221;4_4&#8243; _builder_version=&#8221;4.20.0&#8243; _module_preset=&#8221;default&#8221; global_colors_info=&#8221;{}&#8221;][et_pb_divider show_divider=&#8221;off&#8221; _builder_version=&#8221;4.20.0&#8243; _module_preset=&#8221;default&#8221; global_colors_info=&#8221;{}&#8221;][\/et_pb_divider][\/et_pb_column][\/et_pb_row][et_pb_row column_structure=&#8221;1_3,1_3,1_3&#8243; _builder_version=&#8221;4.20.0&#8243; _module_preset=&#8221;default&#8221; background_color=&#8221;#FFFFFF&#8221; global_colors_info=&#8221;{}&#8221;][et_pb_column type=&#8221;1_3&#8243; _builder_version=&#8221;4.20.0&#8243; _module_preset=&#8221;default&#8221; global_colors_info=&#8221;{}&#8221;][et_pb_button button_url=&#8221;https:\/\/www.seminaricasacultura.cat\/wp-content\/uploads\/sites\/118\/2023\/03\/Dossier_clients_Cat.pdf&#8221; url_new_window=&#8221;on&#8221; button_text=&#8221;CAT\u00c0LEG&#8221; button_alignment=&#8221;center&#8221; admin_label=&#8221;Cataleg&#8221; _builder_version=&#8221;4.20.0&#8243; _module_preset=&#8221;default&#8221; custom_button=&#8221;on&#8221; button_text_size=&#8221;16px&#8221; global_colors_info=&#8221;{}&#8221;][\/et_pb_button][\/et_pb_column][et_pb_column type=&#8221;1_3&#8243; _builder_version=&#8221;4.20.0&#8243; _module_preset=&#8221;default&#8221; global_colors_info=&#8221;{}&#8221;][et_pb_button button_url=&#8221;https:\/\/my.matterport.com\/show\/?m=kq7pFw1MYoX&#8221; url_new_window=&#8221;on&#8221; button_text=&#8221;TOUR VIRTUAL&#8221; button_alignment=&#8221;center&#8221; admin_label=&#8221;Tour virtual&#8221; _builder_version=&#8221;4.20.0&#8243; _module_preset=&#8221;default&#8221; custom_button=&#8221;on&#8221; button_text_size=&#8221;16px&#8221; global_colors_info=&#8221;{}&#8221;][\/et_pb_button][\/et_pb_column][et_pb_column type=&#8221;1_3&#8243; _builder_version=&#8221;4.20.0&#8243; _module_preset=&#8221;default&#8221; global_colors_info=&#8221;{}&#8221;][et_pb_button button_url=&#8221;https:\/\/www.seminaricasacultura.cat\/en\/qui-som\/on-som\/&#8221; button_text=&#8221;ON SOM?&#8221; button_alignment=&#8221;center&#8221; admin_label=&#8221;On som&#8221; _builder_version=&#8221;4.20.0&#8243; _module_preset=&#8221;default&#8221; custom_button=&#8221;on&#8221; button_text_size=&#8221;16px&#8221; global_colors_info=&#8221;{}&#8221;][\/et_pb_button][\/et_pb_column][\/et_pb_row][et_pb_row _builder_version=&#8221;4.20.0&#8243; _module_preset=&#8221;default&#8221; custom_margin=&#8221;20px||||false|false&#8221; global_colors_info=&#8221;{}&#8221;][et_pb_column type=&#8221;4_4&#8243; _builder_version=&#8221;4.20.0&#8243; _module_preset=&#8221;default&#8221; global_colors_info=&#8221;{}&#8221;][et_pb_divider show_divider=&#8221;off&#8221; _builder_version=&#8221;4.20.0&#8243; _module_preset=&#8221;default&#8221; global_colors_info=&#8221;{}&#8221;][\/et_pb_divider][\/et_pb_column][\/et_pb_row][\/et_pb_section]<\/p>\n","protected":false},"excerpt":{"rendered":"<p>El Seminari. Casa de Cultura, ubicat a la Part Alta de la ciutat de Tarragona al costat de la Catedral, del Palau Arquebisbal i del Museu Dioces\u00e0. Se situa a l\u2019Acr\u00f2poli de Tarragona formant part del conjunt hist\u00f2ric d\u2019aquesta ciutat, reconegut per la Unesco l\u2019any 2000. El Seminari forma part de la historia viva de [&hellip;]<\/p>\n","protected":false},"author":59,"featured_media":0,"parent":0,"menu_order":0,"comment_status":"closed","ping_status":"closed","template":"","meta":{"_et_pb_use_builder":"on","_et_pb_old_content":"","_et_gb_content_width":"","footnotes":""},"class_list":["post-1346","page","type-page","status-publish","hentry"],"amp_enabled":true,"_links":{"self":[{"href":"https:\/\/www.seminaricasacultura.cat\/en\/wp-json\/wp\/v2\/pages\/1346","targetHints":{"allow":["GET"]}}],"collection":[{"href":"https:\/\/www.seminaricasacultura.cat\/en\/wp-json\/wp\/v2\/pages"}],"about":[{"href":"https:\/\/www.seminaricasacultura.cat\/en\/wp-json\/wp\/v2\/types\/page"}],"author":[{"embeddable":true,"href":"https:\/\/www.seminaricasacultura.cat\/en\/wp-json\/wp\/v2\/users\/59"}],"replies":[{"embeddable":true,"href":"https:\/\/www.seminaricasacultura.cat\/en\/wp-json\/wp\/v2\/comments?post=1346"}],"version-history":[{"count":9,"href":"https:\/\/www.seminaricasacultura.cat\/en\/wp-json\/wp\/v2\/pages\/1346\/revisions"}],"predecessor-version":[{"id":1557,"href":"https:\/\/www.seminaricasacultura.cat\/en\/wp-json\/wp\/v2\/pages\/1346\/revisions\/1557"}],"wp:attachment":[{"href":"https:\/\/www.seminaricasacultura.cat\/en\/wp-json\/wp\/v2\/media?parent=1346"}],"curies":[{"name":"wp","href":"https:\/\/api.w.org\/{rel}","templated":true}]}}